{"id":5,"date":"2021-03-02T22:46:42","date_gmt":"2021-03-02T22:46:42","guid":{"rendered":"http:\/\/opycsa.com.mx\/?page_id=5"},"modified":"2021-03-06T21:21:03","modified_gmt":"2021-03-06T21:21:03","slug":"inicio","status":"publish","type":"page","link":"http:\/\/opycsa.com.mx\/","title":{"rendered":"INICIO"},"content":{"rendered":"\n<p><\/p>\n\n\n\n<p>Somos un grupo de&nbsp; profesionales con experiencia, en las diversas \u00e1reas en relaci\u00f3n a la arquitectura, ingenier\u00eda, edificaci\u00f3n, organizaci\u00f3n proyectos y construcciones y nuestro principal distintivo es el compromiso para satisfacer los requerimientos de nuestros clientes.<\/p>\n\n\n\n<p>Nuestra misi\u00f3n es ofrecer un servicio integral, completo y personalizado a cada necesidad y cada tipo de cliente, con el objeto de cumplir la satisfacci\u00f3n de los mismos.<\/p>\n\n\n\n<p>Los servicios aqu\u00ed descritos van dirigidos a todo tipo de clientes, tanto particulares, como empresas, dependencias, promotores inmobiliarios, constructoras&#8230;<\/p>\n\n\n\n<p>Somos un equipo\u00a0 formado por profesionales de la arquitectura\u00a0 y construcci\u00f3n, en continua actualizaci\u00f3n y aprendizaje, en conjunto nos avalan m\u00e1s de 40 a\u00f1os de experiencia en todo tipo de obra civil y mec\u00e1nica<\/p>\n","protected":false},"excerpt":{"rendered":"<p>Somos un grupo de&nbsp; profesionales con experiencia, en las diversas \u00e1reas en relaci\u00f3n a la arquitectura, ingenier\u00eda, edificaci\u00f3n, organizaci\u00f3n proyectos y construcciones y nuestro principal distintivo es el compromiso para satisfacer los requerimientos de nuestros clientes. Nuestra misi\u00f3n es ofrecer un servicio integral, completo y personalizado a cada necesidad y&hellip;<\/p>\n","protected":false},"author":1,"featured_media":0,"parent":0,"menu_order":10,"comment_status":"closed","ping_status":"closed","template":"","meta":[],"_links":{"self":[{"href":"http:\/\/opycsa.com.mx\/index.php?rest_route=\/wp\/v2\/pages\/5"}],"collection":[{"href":"http:\/\/opycsa.com.mx\/index.php?rest_route=\/wp\/v2\/pages"}],"about":[{"href":"http:\/\/opycsa.com.mx\/index.php?rest_route=\/wp\/v2\/types\/page"}],"author":[{"embeddable":true,"href":"http:\/\/opycsa.com.mx\/index.php?rest_route=\/wp\/v2\/users\/1"}],"replies":[{"embeddable":true,"href":"http:\/\/opycsa.com.mx\/index.php?rest_route=%2Fwp%2Fv2%2Fcomments&post=5"}],"version-history":[{"count":3,"href":"http:\/\/opycsa.com.mx\/index.php?rest_route=\/wp\/v2\/pages\/5\/revisions"}],"predecessor-version":[{"id":38,"href":"http:\/\/opycsa.com.mx\/index.php?rest_route=\/wp\/v2\/pages\/5\/revisions\/38"}],"wp:attachment":[{"href":"http:\/\/opycsa.com.mx\/index.php?rest_route=%2Fwp%2Fv2%2Fmedia&parent=5"}],"curies":[{"name":"wp","href":"https:\/\/api.w.org\/{rel}","templated":true}]}}